{"id":65,"date":"2017-01-04T20:09:14","date_gmt":"2017-01-04T20:09:14","guid":{"rendered":"http:\/\/ingenieurbuero-schur.de\/?page_id=65"},"modified":"2017-01-18T13:09:39","modified_gmt":"2017-01-18T13:09:39","slug":"ueber-uns","status":"publish","type":"page","link":"https:\/\/ingenieurbuero-schur.de\/?page_id=65","title":{"rendered":"\u00dcber Uns"},"content":{"rendered":"<p>Das Ingenieurb\u00fcro wurde im Januar 2017 vom Inhaber Michael Schur gegr\u00fcndet. Der Inhaber ist Diplom &#8211; Wirtschaftsingenieur (FH) und langj\u00e4hriges Mitglied einer Freiwilligen Feuerwehr. W\u00e4hrend dieser Mitgliedschaft war der Inhaber an diversen Beschaffungen f\u00fcr die Feuerwehr beteiligt, zuletzt hat er die Unterlagen f\u00fcr verschiedene Ausschreibungen (siehe u.a. Referenzen) selbst\u00a0gem. VOL\/A und der Feuerwehrzuwendungsrichtlinie &#8211; FwZR des Freistaats Bayern erstellt, die Auswertung der Angebote im Rahmen eines Kompetenzgremiums moderiert und die Ergebnisse in Form von ausf\u00fchrlichen Niederschriften als Grundlage f\u00fcr einen Beschluss des Gemeinderates dokumentiert. Aufgrund dieser Erfahrungen hat sich der Inhaber dazu entschlossen, das angeeignete Wissen und die erworbenen Kompetenzen in Form von Beratung und Dienstleistungen bei der Beschaffung im Feuerwehrwesen allen Tr\u00e4gern von Feuerwehren (Kommunen, Unternehmen, etc.) zu Verf\u00fcgung zu stellen.<\/p>\n","protected":false},"excerpt":{"rendered":"<p>Das Ingenieurb\u00fcro wurde im Januar 2017 vom Inhaber Michael Schur gegr\u00fcndet. Der Inhaber ist Diplom &#8211; Wirtschaftsingenieur (FH) und langj\u00e4hriges Mitglied einer Freiwilligen Feuerwehr. W\u00e4hrend dieser Mitgliedschaft war der Inhaber an diversen Beschaffungen f\u00fcr die Feuerwehr beteiligt, zuletzt hat er die Unterlagen f\u00fcr verschiedene Ausschreibungen (siehe u.a. Referenzen) selbst\u00a0gem. VOL\/A&#8230;<\/p>\n","protected":false},"author":1,"featured_media":0,"parent":0,"menu_order":0,"comment_status":"closed","ping_status":"closed","template":"","meta":{"footnotes":""},"class_list":["post-65","page","type-page","status-publish","hentry"],"_links":{"self":[{"href":"https:\/\/ingenieurbuero-schur.de\/index.php?rest_route=\/wp\/v2\/pages\/65","targetHints":{"allow":["GET"]}}],"collection":[{"href":"https:\/\/ingenieurbuero-schur.de\/index.php?rest_route=\/wp\/v2\/pages"}],"about":[{"href":"https:\/\/ingenieurbuero-schur.de\/index.php?rest_route=\/wp\/v2\/types\/page"}],"author":[{"embeddable":true,"href":"https:\/\/ingenieurbuero-schur.de\/index.php?rest_route=\/wp\/v2\/users\/1"}],"replies":[{"embeddable":true,"href":"https:\/\/ingenieurbuero-schur.de\/index.php?rest_route=%2Fwp%2Fv2%2Fcomments&post=65"}],"version-history":[{"count":4,"href":"https:\/\/ingenieurbuero-schur.de\/index.php?rest_route=\/wp\/v2\/pages\/65\/revisions"}],"predecessor-version":[{"id":101,"href":"https:\/\/ingenieurbuero-schur.de\/index.php?rest_route=\/wp\/v2\/pages\/65\/revisions\/101"}],"wp:attachment":[{"href":"https:\/\/ingenieurbuero-schur.de\/index.php?rest_route=%2Fwp%2Fv2%2Fmedia&parent=65"}],"curies":[{"name":"wp","href":"https:\/\/api.w.org\/{rel}","templated":true}]}}