{"id":7,"date":"2017-01-04T19:48:09","date_gmt":"2017-01-04T19:48:09","guid":{"rendered":"http:\/\/ingenieurbuero-schur.de\/?page_id=7"},"modified":"2017-04-02T17:04:20","modified_gmt":"2017-04-02T17:04:20","slug":"impressum","status":"publish","type":"page","link":"https:\/\/ingenieurbuero-schur.de\/?page_id=7","title":{"rendered":"Impressum"},"content":{"rendered":"<table width=\"100%\">\n<tbody>\n<tr>\n<td>\n<h1 style=\"text-align: left;\">Impressum<\/h1>\n<p style=\"text-align: left;\">Angaben gem. \u00a7 5 TMG<\/p>\n<p style=\"text-align: left;\"><b>Betreiber und Kontakt:<\/b><br \/>\nIngenieurb\u00fcro Schur<\/p>\n<p style=\"text-align: left;\">Am Wall 22<br \/>\n97525 Schwebheim<\/p>\n<p style=\"text-align: left;\">Telefonnummer: 09723\/9838760<br \/>\nFax: 09723\/9838761<br \/>\nE-Mail-Adresse: ingenieurbuero.schur@gmail.com<\/p>\n<p style=\"text-align: left;\"><b>Vertretung:<\/b><br \/>\nIngenieurb\u00fcro Schur wird vertreten durch Michael Schur<\/p>\n<p style=\"text-align: left;\"><b>Umsatzsteuer-Identifikationsnummer (USt-IdNr.) gem\u00e4\u00df \u00a727a Umsatzsteuergesetz:<\/b><br \/>\nDE310651035<\/p>\n<p style=\"text-align: left;\"><b>Verantwortlicher f\u00fcr journalistisch-redaktionelle Inhalte gem. \u00a7 55 II RstV:<\/b><br \/>\nMichael Schur<\/p>\n<p style=\"text-align: left;\"><b>Online-Streitbeilegung gem\u00e4\u00df Art. 14 Abs. 1 ODR-VO<\/b><br \/>\nDie Europ\u00e4ische Kommission stellt eine Plattform zur Online-Streitbeilegung (OS) bereit, die Sie unter <a href=\"http:\/\/ec.europa.eu\/consumers\/odr\/\">http:\/\/ec.europa.eu\/consumers\/odr\/<\/a> finden.<\/p>\n<\/td>\n<\/tr>\n<\/tbody>\n<\/table>\n","protected":false},"excerpt":{"rendered":"<p>Impressum Angaben gem. \u00a7 5 TMG Betreiber und Kontakt: Ingenieurb\u00fcro Schur Am Wall 22 97525 Schwebheim Telefonnummer: 09723\/9838760 Fax: 09723\/9838761 E-Mail-Adresse: ingenieurbuero.schur@gmail.com Vertretung: Ingenieurb\u00fcro Schur wird vertreten durch Michael Schur Umsatzsteuer-Identifikationsnummer (USt-IdNr.) gem\u00e4\u00df \u00a727a Umsatzsteuergesetz: DE310651035 Verantwortlicher f\u00fcr journalistisch-redaktionelle Inhalte gem. \u00a7 55 II RstV: Michael Schur Online-Streitbeilegung gem\u00e4\u00df Art&#8230;.<\/p>\n","protected":false},"author":1,"featured_media":0,"parent":0,"menu_order":0,"comment_status":"closed","ping_status":"closed","template":"","meta":{"footnotes":""},"class_list":["post-7","page","type-page","status-publish","hentry"],"_links":{"self":[{"href":"https:\/\/ingenieurbuero-schur.de\/index.php?rest_route=\/wp\/v2\/pages\/7","targetHints":{"allow":["GET"]}}],"collection":[{"href":"https:\/\/ingenieurbuero-schur.de\/index.php?rest_route=\/wp\/v2\/pages"}],"about":[{"href":"https:\/\/ingenieurbuero-schur.de\/index.php?rest_route=\/wp\/v2\/types\/page"}],"author":[{"embeddable":true,"href":"https:\/\/ingenieurbuero-schur.de\/index.php?rest_route=\/wp\/v2\/users\/1"}],"replies":[{"embeddable":true,"href":"https:\/\/ingenieurbuero-schur.de\/index.php?rest_route=%2Fwp%2Fv2%2Fcomments&post=7"}],"version-history":[{"count":6,"href":"https:\/\/ingenieurbuero-schur.de\/index.php?rest_route=\/wp\/v2\/pages\/7\/revisions"}],"predecessor-version":[{"id":108,"href":"https:\/\/ingenieurbuero-schur.de\/index.php?rest_route=\/wp\/v2\/pages\/7\/revisions\/108"}],"wp:attachment":[{"href":"https:\/\/ingenieurbuero-schur.de\/index.php?rest_route=%2Fwp%2Fv2%2Fmedia&parent=7"}],"curies":[{"name":"wp","href":"https:\/\/api.w.org\/{rel}","templated":true}]}}